{"id":14635,"date":"2023-05-10T08:39:46","date_gmt":"2023-05-10T06:39:46","guid":{"rendered":"https:\/\/gloriana.templweb.com\/se\/?page_id=14635"},"modified":"2025-07-03T13:56:35","modified_gmt":"2025-07-03T11:56:35","slug":"events","status":"publish","type":"page","link":"https:\/\/gloriana.templweb.com\/se\/events\/","title":{"rendered":"Events"},"content":{"rendered":"\n<section class=\"nab-heading extra-padding no-padding-bottom top-of-page-top-padding   \" id=\"\">\n    <div class=\"nab-heading-inner\">\n                    <div class=\"nab-heading-dots-wrapper\">\n                <span class=\"nab-heading-dots\"><\/span>\n                <span class=\"nab-heading-dots\"><\/span>\n                <span class=\"nab-heading-dots\"><\/span>\n                <span class=\"nab-heading-dots\"><\/span>\n                <span class=\"nab-heading-dots\"><\/span>\n                <span class=\"nab-heading-dots\"><\/span>\n                <span class=\"nab-heading-dots\"><\/span>\n            <\/div>\n                                    <h1 class=\"nab-heading-heading\">Events, utbildningar &amp; kundtr\u00e4ffar<\/h1>\n                            <p class=\"nab-heading-text\">H\u00e4r hittar du v\u00e5ra kommande evenemang. Allt ifr\u00e5n webinars och utbildningar till kundtr\u00e4ffar. <\/p>\n            <\/div>\n<\/section>\n\n\n\n<section class=\"nab-events\">\n    <div class=\"nab-events-inner\">\n        \n            <div class=\"nab-events-two-column-event-wrapper\">\n\n            \n                <div class=\"nab-events-two-column-event\">\n                    <div class=\"nab-events-two-column-event-inner nab-link-box-wrapper lazyload\" id=\"event0\" style=\"background-image:inherit\"  data-bg-image=\"url(&#039;https:\/\/gloriana.templweb.com\/se\/wp-content\/uploads\/sites\/4\/2026\/03\/Frame-945.webp&#039;)\">\n                        <div class=\"nab-events-two-column-event-inner-inner\">\n\n                            <div class=\"nab-events-category-wrapper nab-events-two-column-event-category-wrapper\">\n                                                                        <a href=\"webinar\" class=\"nab-events-category nab-events-featured-event-category nab-category event nab-category-webinar\">Webinar<\/a>\n                                                            <\/div>\n                            <h4 class=\"nab-events-two-column-event-heading\">\n                            Fr\u00e5n komplexitet till kontroll: Business Central f\u00f6r grossister                            <\/h4>\n                            <p class=\"nab-events-two-column-event-text\">Hur m\u00f6ter grossister \u00f6kade krav p\u00e5 effektivitet, kontroll och skalbarhet inf\u00f6r 2026? I detta webinar g\u00e5r vi igenom grossisternas verklighet, varf\u00f6r Microsoft Business Central passar branschen och hur NAB tillsammans med Microsoft st\u00f6ttar er i n\u00e4sta steg av er digitaliseringsresa.<\/p>\n                            <div class=\"nab-events-two-column-event-divider\"><\/div>\n                            <div class=\"nab-events-two-column-event-details\">\n                                <div class=\"nab-events-two-column-event-details-inner\">\n                                    <p class=\"nab-events-two-column-event-details-label\">N\u00e4r<\/p>\n                                    <p class=\"nab-events-two-column-event-details-info\">19 maj<\/p>\n                                <\/div>\n                                <div class=\"nab-events-two-column-event-details-inner\">\n                                    <p class=\"nab-events-two-column-event-details-label\">Var<\/p>\n                                    <p class=\"nab-events-two-column-event-details-info\">Teams<\/p>\n                                <\/div>\n                                <div class=\"nab-events-two-column-event-details-inner\">\n                                    <p class=\"nab-events-two-column-event-details-label\">Kostnad<\/p>\n                                    <p class=\"nab-events-two-column-event-details-info\">Gratis<\/p>\n                                <\/div>\n                            <\/div>\n                            <div class=\"nab-events-two-column-event-button-wrapper\">\n                                                                    <a href=\"https:\/\/gloriana.templweb.com\/se\/events\/fran-komplexitet-till-kontroll-business-central-for-grossister-2\/\" class=\"nab-button green nab-events-two-column-event-button\"><span class=\"nab-link-box\"><\/span>L\u00e4s mer och anm\u00e4l dig<\/a>\n                                                                                            <\/div>\n                        <\/div>\n                    <\/div>\n                <\/div>\n            \n                <div class=\"nab-events-two-column-event\">\n                    <div class=\"nab-events-two-column-event-inner nab-link-box-wrapper\" >\n                        <div class=\"nab-events-two-column-event-inner-inner\">\n\n                            <div class=\"nab-events-category-wrapper nab-events-two-column-event-category-wrapper\">\n                                                                        <a href=\"webinar\" class=\"nab-events-category nab-events-featured-event-category nab-category event nab-category-webinar\">Webinar<\/a>\n                                                            <\/div>\n                            <h4 class=\"nab-events-two-column-event-heading\">\n                            Redo f\u00f6r att v\u00e4xa? V\u00e4lj ett aff\u00e4rssystem f\u00f6r moderna SaaS\u2011bolag                            <\/h4>\n                            <p class=\"nab-events-two-column-event-text\">I detta 30\u2011minuters webinar delar vi v\u00e5r bild av SaaS\u2011bolagens verklighet 2026 och varf\u00f6r Microsoft Business Central \u00e4r ett aff\u00e4rssystem som st\u00f6ttar skalbarhet, kontroll och tillv\u00e4xt. Du f\u00e5r ocks\u00e5 veta varf\u00f6r NAB och Microsoft \u00e4r ett tryggt val n\u00e4r du utv\u00e4rderar n\u00e4sta steg.<\/p>\n                            <div class=\"nab-events-two-column-event-divider\"><\/div>\n                            <div class=\"nab-events-two-column-event-details\">\n                                <div class=\"nab-events-two-column-event-details-inner\">\n                                    <p class=\"nab-events-two-column-event-details-label\">N\u00e4r<\/p>\n                                    <p class=\"nab-events-two-column-event-details-info\">21 maj<\/p>\n                                <\/div>\n                                <div class=\"nab-events-two-column-event-details-inner\">\n                                    <p class=\"nab-events-two-column-event-details-label\">Var<\/p>\n                                    <p class=\"nab-events-two-column-event-details-info\">Teams<\/p>\n                                <\/div>\n                                <div class=\"nab-events-two-column-event-details-inner\">\n                                    <p class=\"nab-events-two-column-event-details-label\">Kostnad<\/p>\n                                    <p class=\"nab-events-two-column-event-details-info\">Gratis<\/p>\n                                <\/div>\n                            <\/div>\n                            <div class=\"nab-events-two-column-event-button-wrapper\">\n                                                                    <a href=\"https:\/\/gloriana.templweb.com\/se\/events\/redo-for-att-vaxa-valj-ett-affarssystem-for-moderna-saas-bolag-2\/\" class=\"nab-button green nab-events-two-column-event-button\"><span class=\"nab-link-box\"><\/span>L\u00e4s mer och anm\u00e4l dig<\/a>\n                                                                                            <\/div>\n                        <\/div>\n                    <\/div>\n                <\/div>\n            \n            <\/div> <!-- closes nab-events-two-column-event-wrapper -->\n        \n        \n    <\/div>\n<\/section>\n\n\n\n<section class=\"nab-form\" id=\"contact-form\">\n    <div class=\"nab-form-inner\">\n        <div class=\"nab-form-heading-wrapper\">\n            <div class=\"nab-heading-dots-wrapper\">\n                <span class=\"nab-heading-dots\"><\/span>\n                <span class=\"nab-heading-dots\"><\/span>\n                <span class=\"nab-heading-dots\"><\/span>\n                <span class=\"nab-heading-dots\"><\/span>\n                <span class=\"nab-heading-dots\"><\/span>\n                <span class=\"nab-heading-dots\"><\/span>\n                <span class=\"nab-heading-dots\"><\/span>\n            <\/div>\n                            <h5 class=\"nab-form-heading-label\">Feedback eller \u00f6nskem\u00e5l?<\/h5>\n                                        <h2 class=\"nab-form-heading-heading\">P\u00e5verka v\u00e5ra webinar<\/h2>\n                                        <p class=\"nab-form-heading-text\">Har du n\u00e5gra \u00f6nskem\u00e5l om vad vi ska ha f\u00f6r webinar eller hur vi utf\u00f6r dem? Vi vill alltid bli b\u00e4ttre p\u00e5 det vi g\u00f6r s\u00e5 h\u00f6r g\u00e4rna av dig med feedback eller \u00f6nskem\u00e5l!<\/p>\n                    <\/div>\n        <div class=\"nab-form-animate-wrapper nab-form-wrapper-wrapper \">\n\n            <div class=\"nab-form-animate-inner nab-form-wrapper\">\n                <form action=\"\/wp-json\/nabsolutions\/v1\/mail\" class=\"nab-form-area\" data-type=\"info\">\n                    <!-- <div class=\"nab-form-area-wrapper\"> -->\n\n\n                            <div class=\"nab-form-area-item is-botcheck\">\n                                <input type=\"tel\" id=\"nab-form-botcheck\" class=\"nab-form-area-input is-botcheck\">\n                            <\/div>\n                            <div class=\"nab-form-area-item is-pageurl\">\n                                <input type=\"text\" id=\"nab-form-pageurl\" class=\"nab-form-area-pageurl\" value=\"https:\/\/gloriana.templweb.com\/se\/events\/\">\n                            <\/div>\n\n                            <div class=\"nab-form-area-half-half\">\n                                <div class=\"nab-form-area-item\">\n                                    <label for=\"nab-form-fname\" class=\"nab-form-area-label\">F\u00f6rnamn*<\/label>\n                                    <input\n                                    type=\"text\"\n                                    name=\"\"\n                                    id=\"nab-form-fname\"\n                                    class=\"nab-form-area-input is-required\"\n                                    data-placeholder-value=\"Anna\">\n                                    <p class=\"nab-form-area-error is-smaller\">Var v\u00e4nlig och fyll i ditt f\u00f6rnamn. <\/p>\n                                <\/div>\n\n                                <div class=\"nab-form-area-item\">\n                                    <label for=\"nab-form-lname\" class=\"nab-form-area-label\">Efternamn*<\/label>\n                                    <input\n                                    type=\"text\"\n                                    name=\"\"\n                                    id=\"nab-form-lname\"\n                                    class=\"nab-form-area-input is-required\"\n                                    data-placeholder-value=\"Andersson\">\n                                    <p class=\"nab-form-area-error is-smaller\">Var v\u00e4nlig och fyll i ditt efternamn.<\/p>\n                                <\/div>\n\n                            <\/div>\n\n                            <div class=\"nab-form-area-item\">\n                                <label for=\"nab-form-email\" class=\"nab-form-area-label\">E-post*<\/label>\n                                <input\n                                type=\"email\"\n                                name=\"\"\n                                id=\"nab-form-email\"\n                                class=\"nab-form-area-input is-required\"\n                                data-placeholder-value=\"anna.andersson@nabsolutions.se\">\n                                <p class=\"nab-form-area-error is-smaller\">Var v\u00e4nlig och fyll i e-post.<\/p>\n                            <\/div>\n\n                            <div class=\"nab-form-area-half-half\">\n                                <div class=\"nab-form-area-item\">\n                                    <label for=\"nab-form-company\" class=\"nab-form-area-label\">F\u00f6retag<\/label>\n                                    <input\n                                    type=\"text\"\n                                    name=\"\"\n                                    id=\"nab-form-company\"\n                                    class=\"nab-form-area-input\"\n                                    data-placeholder-value=\"NAB Solutions\">\n                                <\/div>\n\n                                <div class=\"nab-form-area-item\">\n                                    <label for=\"nab-form-phone\" class=\"nab-form-area-label\">Telefon*<\/label>\n                                    <input\n                                        type=\"tel\"\n                                        name=\"\"\n                                        id=\"nab-form-phone\"\n                                        class=\"nab-form-area-input is-required\"\n                                        data-placeholder-value=\"0738884522\"\n                                    >\n                                    <p class=\"nab-form-area-error is-smaller\">Var v\u00e4nlig och fyll i ditt telefonnummer.<\/p>\n                                <\/div>\n                            <\/div>\n\n                            <div class=\"nab-form-area-item\">\n                                <label for=\"nab-form-message\" class=\"nab-form-area-label\">Meddelande<\/label>\n                                <textarea\n                                name=\"\"\n                                id=\"nab-form-message\"\n                                cols=\"30\" rows=\"10\"\n                                class=\"nab-form-area-input nab-form-area-textarea\"\n                                data-placeholder-value=\"Skriv ditt meddelande h\u00e4r\"\n                                ><\/textarea>\n                            <\/div>\n                            \n                            <div class=\"nab-form-area-half-half\">\n                                <div>\n                                    <div class=\"cf-turnstile\" data-sitekey=\"0x4AAAAAAA_tEMBMXIMBXuKO\"><\/div>\n                                    <p class=\"nab-form-area-item-integrity-text\"><\/p>\n                                <\/div>\n                                <div class=\"nab-form-area-item is-submit-item\">\n                                    <button class=\"nab-form-area-submit nab-button green\"><span class=\"nab-form-area-submit-text\">Skicka<\/span><\/button>\n                                    <img decoding=\"async\" data-src=\"https:\/\/gloriana.templweb.com\/se\/wp-content\/themes\/nabsolutions\/assets\/static\/images\/icons\/puff.svg\" alt=\"\" class=\"nab-form-area-submit-icon lazyload\" src=\"data:image\/svg+xml;base64,PHN2ZyB3aWR0aD0iMSIgaGVpZ2h0PSIxIiB4bWxucz0iaHR0cDovL3d3dy53My5vcmcvMjAwMC9zdmciPjwvc3ZnPg==\">\n                                <\/div>\n                            <\/div>\n                <\/form>\n\n            <\/div>\n            <div class=\"nab-form-animate-inner nab-form-wrapper\" aria-hidden=\"true\">\n                <div class=\"nab-form-success-wrapper\">\n                    <img decoding=\"async\" class=\"nab-form-success-image lazyload\" data-src=\"https:\/\/gloriana.templweb.com\/se\/wp-content\/themes\/nabsolutions\/assets\/static\/images\/\/icons\/general\/ok.svg\" alt=\"\" src=\"data:image\/svg+xml;base64,PHN2ZyB3aWR0aD0iMSIgaGVpZ2h0PSIxIiB4bWxucz0iaHR0cDovL3d3dy53My5vcmcvMjAwMC9zdmciPjwvc3ZnPg==\">\n                    <p class=\"is-lead nab-form-success-text info-success\">Tack! Vi har f\u00e5tt ditt meddelande och vi \u00e5terkommer inom kort!<\/p>\n                <\/div>\n            <\/div>\n        <\/div>\n    <\/div>\n<\/section>\n","protected":false},"excerpt":{"rendered":"","protected":false},"author":2,"featured_media":15843,"parent":0,"menu_order":0,"comment_status":"closed","ping_status":"closed","template":"","meta":{"_acf_changed":false,"inline_featured_image":false,"footnotes":""},"class_list":["post-14635","page","type-page","status-publish","has-post-thumbnail","hentry"],"acf":[],"yoast_head":"<!-- This site is optimized with the Yoast SEO plugin v26.9 - https:\/\/yoast.com\/product\/yoast-seo-wordpress\/ -->\n<title>V\u00e5ra events, Business Central webinars, kundtr\u00e4ffar med mera<\/title>\n<meta name=\"description\" content=\"Events. H\u00e4r hittar du NAB Solutions kommande evenemang. Allt ifr\u00e5n webinars och utbildningar till kundtr\u00e4ffar\" \/>\n<meta name=\"robots\" content=\"index, follow, max-snippet:-1, max-image-preview:large, max-video-preview:-1\" \/>\n<link rel=\"canonical\" href=\"https:\/\/gloriana.templweb.com\/se\/events\/\" \/>\n<meta property=\"og:locale\" content=\"sv_SE\" \/>\n<meta property=\"og:type\" content=\"article\" \/>\n<meta property=\"og:title\" content=\"V\u00e5ra events, Business Central webinars, kundtr\u00e4ffar med mera\" \/>\n<meta property=\"og:description\" content=\"Events. H\u00e4r hittar du NAB Solutions kommande evenemang. Allt ifr\u00e5n webinars och utbildningar till kundtr\u00e4ffar\" \/>\n<meta property=\"og:url\" content=\"https:\/\/gloriana.templweb.com\/se\/events\/\" \/>\n<meta property=\"og:site_name\" content=\"NAB SVERIGE\" \/>\n<meta property=\"article:publisher\" content=\"https:\/\/www.facebook.com\/nabsolutionsab\/\" \/>\n<meta property=\"article:modified_time\" content=\"2025-07-03T11:56:35+00:00\" \/>\n<meta property=\"og:image\" content=\"https:\/\/gloriana.templweb.com\/se\/wp-content\/uploads\/sites\/4\/2023\/05\/Frame-200-17-min.jpg\" \/>\n\t<meta property=\"og:image:width\" content=\"1920\" \/>\n\t<meta property=\"og:image:height\" content=\"1080\" \/>\n\t<meta property=\"og:image:type\" content=\"image\/jpeg\" \/>\n<meta name=\"twitter:card\" content=\"summary_large_image\" \/>\n<meta name=\"twitter:label1\" content=\"Ber\u00e4knad l\u00e4stid\" \/>\n\t<meta name=\"twitter:data1\" content=\"2 minuter\" \/>\n<script type=\"application\/ld+json\" class=\"yoast-schema-graph\">{\"@context\":\"https:\/\/schema.org\",\"@graph\":[{\"@type\":\"WebPage\",\"@id\":\"https:\/\/gloriana.templweb.com\/se\/events\/\",\"url\":\"https:\/\/gloriana.templweb.com\/se\/events\/\",\"name\":\"V\u00e5ra events, Business Central webinars, kundtr\u00e4ffar med mera\",\"isPartOf\":{\"@id\":\"https:\/\/gloriana.templweb.com\/se\/#website\"},\"primaryImageOfPage\":{\"@id\":\"https:\/\/gloriana.templweb.com\/se\/events\/#primaryimage\"},\"image\":{\"@id\":\"https:\/\/gloriana.templweb.com\/se\/events\/#primaryimage\"},\"thumbnailUrl\":\"https:\/\/gloriana.templweb.com\/se\/wp-content\/uploads\/sites\/4\/2023\/05\/Frame-200-17-min.jpg\",\"datePublished\":\"2023-05-10T06:39:46+00:00\",\"dateModified\":\"2025-07-03T11:56:35+00:00\",\"description\":\"Events. H\u00e4r hittar du NAB Solutions kommande evenemang. Allt ifr\u00e5n webinars och utbildningar till kundtr\u00e4ffar\",\"breadcrumb\":{\"@id\":\"https:\/\/gloriana.templweb.com\/se\/events\/#breadcrumb\"},\"inLanguage\":\"sv-SE\",\"potentialAction\":[{\"@type\":\"ReadAction\",\"target\":[\"https:\/\/gloriana.templweb.com\/se\/events\/\"]}]},{\"@type\":\"ImageObject\",\"inLanguage\":\"sv-SE\",\"@id\":\"https:\/\/gloriana.templweb.com\/se\/events\/#primaryimage\",\"url\":\"https:\/\/gloriana.templweb.com\/se\/wp-content\/uploads\/sites\/4\/2023\/05\/Frame-200-17-min.jpg\",\"contentUrl\":\"https:\/\/gloriana.templweb.com\/se\/wp-content\/uploads\/sites\/4\/2023\/05\/Frame-200-17-min.jpg\",\"width\":1920,\"height\":1080,\"caption\":\"Events\"},{\"@type\":\"BreadcrumbList\",\"@id\":\"https:\/\/gloriana.templweb.com\/se\/events\/#breadcrumb\",\"itemListElement\":[{\"@type\":\"ListItem\",\"position\":1,\"name\":\"Hem\",\"item\":\"https:\/\/gloriana.templweb.com\/se\/\"},{\"@type\":\"ListItem\",\"position\":2,\"name\":\"Events\"}]},{\"@type\":\"WebSite\",\"@id\":\"https:\/\/gloriana.templweb.com\/se\/#website\",\"url\":\"https:\/\/gloriana.templweb.com\/se\/\",\"name\":\"NAB Solutions AB\",\"description\":\"Experter p\u00e5 Dynamics 365 &amp; Power Platform - NAB Solutions\",\"publisher\":{\"@id\":\"https:\/\/gloriana.templweb.com\/se\/#organization\"},\"alternateName\":\"NAB\",\"potentialAction\":[{\"@type\":\"SearchAction\",\"target\":{\"@type\":\"EntryPoint\",\"urlTemplate\":\"https:\/\/gloriana.templweb.com\/se\/?s={search_term_string}\"},\"query-input\":{\"@type\":\"PropertyValueSpecification\",\"valueRequired\":true,\"valueName\":\"search_term_string\"}}],\"inLanguage\":\"sv-SE\"},{\"@type\":\"Organization\",\"@id\":\"https:\/\/gloriana.templweb.com\/se\/#organization\",\"name\":\"NAB Solutions AB\",\"alternateName\":\"NAB\",\"url\":\"https:\/\/gloriana.templweb.com\/se\/\",\"logo\":{\"@type\":\"ImageObject\",\"inLanguage\":\"sv-SE\",\"@id\":\"https:\/\/gloriana.templweb.com\/se\/#\/schema\/logo\/image\/\",\"url\":\"https:\/\/gloriana.templweb.com\/se\/wp-content\/uploads\/sites\/4\/2025\/09\/avatar_symbol_green.png\",\"contentUrl\":\"https:\/\/gloriana.templweb.com\/se\/wp-content\/uploads\/sites\/4\/2025\/09\/avatar_symbol_green.png\",\"width\":600,\"height\":600,\"caption\":\"NAB Solutions AB\"},\"image\":{\"@id\":\"https:\/\/gloriana.templweb.com\/se\/#\/schema\/logo\/image\/\"},\"sameAs\":[\"https:\/\/www.facebook.com\/nabsolutionsab\/\",\"https:\/\/www.linkedin.com\/company\/nab-solutions-ab\"]}]}<\/script>\n<!-- \/ Yoast SEO plugin. -->","yoast_head_json":{"title":"V\u00e5ra events, Business Central webinars, kundtr\u00e4ffar med mera","description":"Events. H\u00e4r hittar du NAB Solutions kommande evenemang. Allt ifr\u00e5n webinars och utbildningar till kundtr\u00e4ffar","robots":{"index":"index","follow":"follow","max-snippet":"max-snippet:-1","max-image-preview":"max-image-preview:large","max-video-preview":"max-video-preview:-1"},"canonical":"https:\/\/gloriana.templweb.com\/se\/events\/","og_locale":"sv_SE","og_type":"article","og_title":"V\u00e5ra events, Business Central webinars, kundtr\u00e4ffar med mera","og_description":"Events. H\u00e4r hittar du NAB Solutions kommande evenemang. Allt ifr\u00e5n webinars och utbildningar till kundtr\u00e4ffar","og_url":"https:\/\/gloriana.templweb.com\/se\/events\/","og_site_name":"NAB SVERIGE","article_publisher":"https:\/\/www.facebook.com\/nabsolutionsab\/","article_modified_time":"2025-07-03T11:56:35+00:00","og_image":[{"width":1920,"height":1080,"url":"https:\/\/gloriana.templweb.com\/se\/wp-content\/uploads\/sites\/4\/2023\/05\/Frame-200-17-min.jpg","type":"image\/jpeg"}],"twitter_card":"summary_large_image","twitter_misc":{"Ber\u00e4knad l\u00e4stid":"2 minuter"},"schema":{"@context":"https:\/\/schema.org","@graph":[{"@type":"WebPage","@id":"https:\/\/gloriana.templweb.com\/se\/events\/","url":"https:\/\/gloriana.templweb.com\/se\/events\/","name":"V\u00e5ra events, Business Central webinars, kundtr\u00e4ffar med mera","isPartOf":{"@id":"https:\/\/gloriana.templweb.com\/se\/#website"},"primaryImageOfPage":{"@id":"https:\/\/gloriana.templweb.com\/se\/events\/#primaryimage"},"image":{"@id":"https:\/\/gloriana.templweb.com\/se\/events\/#primaryimage"},"thumbnailUrl":"https:\/\/gloriana.templweb.com\/se\/wp-content\/uploads\/sites\/4\/2023\/05\/Frame-200-17-min.jpg","datePublished":"2023-05-10T06:39:46+00:00","dateModified":"2025-07-03T11:56:35+00:00","description":"Events. H\u00e4r hittar du NAB Solutions kommande evenemang. Allt ifr\u00e5n webinars och utbildningar till kundtr\u00e4ffar","breadcrumb":{"@id":"https:\/\/gloriana.templweb.com\/se\/events\/#breadcrumb"},"inLanguage":"sv-SE","potentialAction":[{"@type":"ReadAction","target":["https:\/\/gloriana.templweb.com\/se\/events\/"]}]},{"@type":"ImageObject","inLanguage":"sv-SE","@id":"https:\/\/gloriana.templweb.com\/se\/events\/#primaryimage","url":"https:\/\/gloriana.templweb.com\/se\/wp-content\/uploads\/sites\/4\/2023\/05\/Frame-200-17-min.jpg","contentUrl":"https:\/\/gloriana.templweb.com\/se\/wp-content\/uploads\/sites\/4\/2023\/05\/Frame-200-17-min.jpg","width":1920,"height":1080,"caption":"Events"},{"@type":"BreadcrumbList","@id":"https:\/\/gloriana.templweb.com\/se\/events\/#breadcrumb","itemListElement":[{"@type":"ListItem","position":1,"name":"Hem","item":"https:\/\/gloriana.templweb.com\/se\/"},{"@type":"ListItem","position":2,"name":"Events"}]},{"@type":"WebSite","@id":"https:\/\/gloriana.templweb.com\/se\/#website","url":"https:\/\/gloriana.templweb.com\/se\/","name":"NAB Solutions AB","description":"Experter p\u00e5 Dynamics 365 &amp; Power Platform - NAB Solutions","publisher":{"@id":"https:\/\/gloriana.templweb.com\/se\/#organization"},"alternateName":"NAB","potentialAction":[{"@type":"SearchAction","target":{"@type":"EntryPoint","urlTemplate":"https:\/\/gloriana.templweb.com\/se\/?s={search_term_string}"},"query-input":{"@type":"PropertyValueSpecification","valueRequired":true,"valueName":"search_term_string"}}],"inLanguage":"sv-SE"},{"@type":"Organization","@id":"https:\/\/gloriana.templweb.com\/se\/#organization","name":"NAB Solutions AB","alternateName":"NAB","url":"https:\/\/gloriana.templweb.com\/se\/","logo":{"@type":"ImageObject","inLanguage":"sv-SE","@id":"https:\/\/gloriana.templweb.com\/se\/#\/schema\/logo\/image\/","url":"https:\/\/gloriana.templweb.com\/se\/wp-content\/uploads\/sites\/4\/2025\/09\/avatar_symbol_green.png","contentUrl":"https:\/\/gloriana.templweb.com\/se\/wp-content\/uploads\/sites\/4\/2025\/09\/avatar_symbol_green.png","width":600,"height":600,"caption":"NAB Solutions AB"},"image":{"@id":"https:\/\/gloriana.templweb.com\/se\/#\/schema\/logo\/image\/"},"sameAs":["https:\/\/www.facebook.com\/nabsolutionsab\/","https:\/\/www.linkedin.com\/company\/nab-solutions-ab"]}]}},"jetpack_sharing_enabled":true,"_links":{"self":[{"href":"https:\/\/gloriana.templweb.com\/se\/wp-json\/wp\/v2\/pages\/14635","targetHints":{"allow":["GET"]}}],"collection":[{"href":"https:\/\/gloriana.templweb.com\/se\/wp-json\/wp\/v2\/pages"}],"about":[{"href":"https:\/\/gloriana.templweb.com\/se\/wp-json\/wp\/v2\/types\/page"}],"author":[{"embeddable":true,"href":"https:\/\/gloriana.templweb.com\/se\/wp-json\/wp\/v2\/users\/2"}],"replies":[{"embeddable":true,"href":"https:\/\/gloriana.templweb.com\/se\/wp-json\/wp\/v2\/comments?post=14635"}],"version-history":[{"count":1,"href":"https:\/\/gloriana.templweb.com\/se\/wp-json\/wp\/v2\/pages\/14635\/revisions"}],"predecessor-version":[{"id":19495,"href":"https:\/\/gloriana.templweb.com\/se\/wp-json\/wp\/v2\/pages\/14635\/revisions\/19495"}],"wp:featuredmedia":[{"embeddable":true,"href":"https:\/\/gloriana.templweb.com\/se\/wp-json\/wp\/v2\/media\/15843"}],"wp:attachment":[{"href":"https:\/\/gloriana.templweb.com\/se\/wp-json\/wp\/v2\/media?parent=14635"}],"curies":[{"name":"wp","href":"https:\/\/api.w.org\/{rel}","templated":true}]}}